{"id":5108,"date":"2017-06-08T05:06:45","date_gmt":"2017-06-08T05:06:45","guid":{"rendered":"https:\/\/wowterior.pl\/journal\/"},"modified":"2023-01-28T17:04:31","modified_gmt":"2023-01-28T15:04:31","slug":"journal","status":"publish","type":"page","link":"https:\/\/anvelar.com\/pl\/journal\/","title":{"rendered":"Publikacje"},"content":{"rendered":"","protected":false},"excerpt":{"rendered":"","protected":false},"author":1,"featured_media":0,"parent":0,"menu_order":0,"comment_status":"closed","ping_status":"closed","template":"","meta":{"footnotes":""},"class_list":["post-5108","page","type-page","status-publish","hentry"],"yoast_head":"<!-- This site is optimized with the Yoast SEO plugin v24.9 - https:\/\/yoast.com\/wordpress\/plugins\/seo\/ -->\n<title>Projektowanie wn\u0119trz PRZEMY\u015aL, aran\u017cacja mieszka\u0144 i dom\u00f3w \u2013 zdj\u0119cia, ceny<\/title>\n<meta name=\"description\" content=\"\ud83d\udd25 Profesjonalne projektowanie wn\u0119trz mieszka\u0144, dom\u00f3w i lokali komercyjnych. \u2705 Tworzymy styl, wygod\u0119 i atmosfer\u0119 \u2013 od koncepcji po realizacj\u0119.\" \/>\n<meta name=\"robots\" content=\"index, follow, max-snippet:-1, max-image-preview:large, max-video-preview:-1\" \/>\n<link rel=\"canonical\" href=\"https:\/\/anvelar.com\/pl\/journal\/\" \/>\n<meta property=\"og:locale\" content=\"pl_PL\" \/>\n<meta property=\"og:type\" content=\"article\" \/>\n<meta property=\"og:title\" content=\"Publikacje - Interior Design Studio\" \/>\n<meta property=\"og:url\" content=\"https:\/\/anvelar.com\/pl\/journal\/\" \/>\n<meta property=\"og:site_name\" content=\"Interior Design Studio\" \/>\n<meta property=\"article:publisher\" content=\"https:\/\/www.facebook.com\/interior.in.ua\/\" \/>\n<meta property=\"article:modified_time\" content=\"2023-01-28T15:04:31+00:00\" \/>\n<meta property=\"og:image\" content=\"https:\/\/anvelar.com\/wp-content\/uploads\/2024\/09\/site-main-1-1300x867.jpg\" \/>\n\t<meta property=\"og:image:width\" content=\"1300\" \/>\n\t<meta property=\"og:image:height\" content=\"867\" \/>\n\t<meta property=\"og:image:type\" content=\"image\/jpeg\" \/>\n<meta name=\"twitter:card\" content=\"summary_large_image\" \/>\n<script type=\"application\/ld+json\" class=\"yoast-schema-graph\">{\"@context\":\"https:\/\/schema.org\",\"@graph\":[{\"@type\":\"WebPage\",\"@id\":\"https:\/\/anvelar.com\/pl\/journal\/\",\"url\":\"https:\/\/anvelar.com\/pl\/journal\/\",\"name\":\"Publikacje - Interior Design Studio\",\"isPartOf\":{\"@id\":\"https:\/\/interior.in.ua\/#website\"},\"datePublished\":\"2017-06-08T05:06:45+00:00\",\"dateModified\":\"2023-01-28T15:04:31+00:00\",\"breadcrumb\":{\"@id\":\"https:\/\/anvelar.com\/pl\/journal\/#breadcrumb\"},\"inLanguage\":\"pl-PL\",\"potentialAction\":[{\"@type\":\"ReadAction\",\"target\":[\"https:\/\/anvelar.com\/pl\/journal\/\"]}]},{\"@type\":\"BreadcrumbList\",\"@id\":\"https:\/\/anvelar.com\/pl\/journal\/#breadcrumb\",\"itemListElement\":[{\"@type\":\"ListItem\",\"position\":1,\"name\":\"\u0413\u043e\u043b\u043e\u0432\u043d\u0430\",\"item\":\"https:\/\/anvelar.com\/pl\/\"},{\"@type\":\"ListItem\",\"position\":2,\"name\":\"Publikacje\"}]},{\"@type\":\"WebSite\",\"@id\":\"https:\/\/interior.in.ua\/#website\",\"url\":\"https:\/\/interior.in.ua\/\",\"name\":\"Interior Design Studio\",\"description\":\"Interior design, \u0414\u0438\u0437\u0430\u0439\u043d \u0456\u043d\u0442\u0435\u0440\u02bc\u0454\u0440\u0456\u0432, Projektowanie wn\u0119trz\",\"publisher\":{\"@id\":\"https:\/\/interior.in.ua\/#organization\"},\"potentialAction\":[{\"@type\":\"SearchAction\",\"target\":{\"@type\":\"EntryPoint\",\"urlTemplate\":\"https:\/\/interior.in.ua\/?s={search_term_string}\"},\"query-input\":{\"@type\":\"PropertyValueSpecification\",\"valueRequired\":true,\"valueName\":\"search_term_string\"}}],\"inLanguage\":\"pl-PL\"},{\"@type\":\"Organization\",\"@id\":\"https:\/\/interior.in.ua\/#organization\",\"name\":\"Design Studio\",\"url\":\"https:\/\/interior.in.ua\/\",\"logo\":{\"@type\":\"ImageObject\",\"inLanguage\":\"pl-PL\",\"@id\":\"https:\/\/interior.in.ua\/#\/schema\/logo\/image\/\",\"url\":\"https:\/\/interior.in.ua\/wp-content\/uploads\/2023\/01\/logo-sq1.png\",\"contentUrl\":\"https:\/\/interior.in.ua\/wp-content\/uploads\/2023\/01\/logo-sq1.png\",\"width\":1410,\"height\":1264,\"caption\":\"Design Studio\"},\"image\":{\"@id\":\"https:\/\/interior.in.ua\/#\/schema\/logo\/image\/\"},\"sameAs\":[\"https:\/\/www.facebook.com\/interior.in.ua\/\"]}]}<\/script>\n<!-- \/ Yoast SEO plugin. -->","yoast_head_json":{"title":"Projektowanie wn\u0119trz PRZEMY\u015aL, aran\u017cacja mieszka\u0144 i dom\u00f3w \u2013 zdj\u0119cia, ceny","description":"\ud83d\udd25 Profesjonalne projektowanie wn\u0119trz mieszka\u0144, dom\u00f3w i lokali komercyjnych. \u2705 Tworzymy styl, wygod\u0119 i atmosfer\u0119 \u2013 od koncepcji po realizacj\u0119.","robots":{"index":"index","follow":"follow","max-snippet":"max-snippet:-1","max-image-preview":"max-image-preview:large","max-video-preview":"max-video-preview:-1"},"canonical":"https:\/\/anvelar.com\/pl\/journal\/","og_locale":"pl_PL","og_type":"article","og_title":"Publikacje - Interior Design Studio","og_url":"https:\/\/anvelar.com\/pl\/journal\/","og_site_name":"Interior Design Studio","article_publisher":"https:\/\/www.facebook.com\/interior.in.ua\/","article_modified_time":"2023-01-28T15:04:31+00:00","og_image":[{"width":1300,"height":867,"url":"https:\/\/anvelar.com\/wp-content\/uploads\/2024\/09\/site-main-1-1300x867.jpg","type":"image\/jpeg"}],"twitter_card":"summary_large_image","schema":{"@context":"https:\/\/schema.org","@graph":[{"@type":"WebPage","@id":"https:\/\/anvelar.com\/pl\/journal\/","url":"https:\/\/anvelar.com\/pl\/journal\/","name":"Publikacje - Interior Design Studio","isPartOf":{"@id":"https:\/\/interior.in.ua\/#website"},"datePublished":"2017-06-08T05:06:45+00:00","dateModified":"2023-01-28T15:04:31+00:00","breadcrumb":{"@id":"https:\/\/anvelar.com\/pl\/journal\/#breadcrumb"},"inLanguage":"pl-PL","potentialAction":[{"@type":"ReadAction","target":["https:\/\/anvelar.com\/pl\/journal\/"]}]},{"@type":"BreadcrumbList","@id":"https:\/\/anvelar.com\/pl\/journal\/#breadcrumb","itemListElement":[{"@type":"ListItem","position":1,"name":"\u0413\u043e\u043b\u043e\u0432\u043d\u0430","item":"https:\/\/anvelar.com\/pl\/"},{"@type":"ListItem","position":2,"name":"Publikacje"}]},{"@type":"WebSite","@id":"https:\/\/interior.in.ua\/#website","url":"https:\/\/interior.in.ua\/","name":"Interior Design Studio","description":"Interior design, \u0414\u0438\u0437\u0430\u0439\u043d \u0456\u043d\u0442\u0435\u0440\u02bc\u0454\u0440\u0456\u0432, Projektowanie wn\u0119trz","publisher":{"@id":"https:\/\/interior.in.ua\/#organization"},"potentialAction":[{"@type":"SearchAction","target":{"@type":"EntryPoint","urlTemplate":"https:\/\/interior.in.ua\/?s={search_term_string}"},"query-input":{"@type":"PropertyValueSpecification","valueRequired":true,"valueName":"search_term_string"}}],"inLanguage":"pl-PL"},{"@type":"Organization","@id":"https:\/\/interior.in.ua\/#organization","name":"Design Studio","url":"https:\/\/interior.in.ua\/","logo":{"@type":"ImageObject","inLanguage":"pl-PL","@id":"https:\/\/interior.in.ua\/#\/schema\/logo\/image\/","url":"https:\/\/interior.in.ua\/wp-content\/uploads\/2023\/01\/logo-sq1.png","contentUrl":"https:\/\/interior.in.ua\/wp-content\/uploads\/2023\/01\/logo-sq1.png","width":1410,"height":1264,"caption":"Design Studio"},"image":{"@id":"https:\/\/interior.in.ua\/#\/schema\/logo\/image\/"},"sameAs":["https:\/\/www.facebook.com\/interior.in.ua\/"]}]}},"_links":{"self":[{"href":"https:\/\/anvelar.com\/pl\/wp-json\/wp\/v2\/pages\/5108","targetHints":{"allow":["GET"]}}],"collection":[{"href":"https:\/\/anvelar.com\/pl\/wp-json\/wp\/v2\/pages"}],"about":[{"href":"https:\/\/anvelar.com\/pl\/wp-json\/wp\/v2\/types\/page"}],"author":[{"embeddable":true,"href":"https:\/\/anvelar.com\/pl\/wp-json\/wp\/v2\/users\/1"}],"replies":[{"embeddable":true,"href":"https:\/\/anvelar.com\/pl\/wp-json\/wp\/v2\/comments?post=5108"}],"version-history":[{"count":1,"href":"https:\/\/anvelar.com\/pl\/wp-json\/wp\/v2\/pages\/5108\/revisions"}],"predecessor-version":[{"id":5113,"href":"https:\/\/anvelar.com\/pl\/wp-json\/wp\/v2\/pages\/5108\/revisions\/5113"}],"wp:attachment":[{"href":"https:\/\/anvelar.com\/pl\/wp-json\/wp\/v2\/media?parent=5108"}],"curies":[{"name":"wp","href":"https:\/\/api.w.org\/{rel}","templated":true}]}}